{"id":121748,"date":"2025-10-03T10:42:01","date_gmt":"2025-10-03T08:42:01","guid":{"rendered":"https:\/\/www.toysgames.be\/la-boutique\/non%20class\u00e9\/le-temple-de-larme-ultime-supreme-70617\/"},"modified":"2026-03-13T17:26:12","modified_gmt":"2026-03-13T16:26:12","slug":"le-temple-de-larme-ultime-supreme-70617","status":"publish","type":"product","link":"https:\/\/www.toysgames.be\/nl\/la-boutique\/speelgoed\/constructie-speelgoed\/lego-nl\/lego-ninjago-nl\/le-temple-de-larme-ultime-supreme-70617\/","title":{"rendered":"Le Temple de l&#8217;Arme Ultime Supr\u00eame &#8211; 70617"},"content":{"rendered":"<p>Set complet (mod\u00e8le, bo\u00eete, livret, minifigurines).<\/p>\n<p>Manquant :<br \/>\n&#8211; la lance de Nya ;<br \/>\n&#8211; l&#8217;arme de Jay ;<br \/>\n&#8211; l&#8217;arc de Zaine ;<br \/>\n&#8211; l&#8217;antenne noire ;<br \/>\n&#8211; deux serpents rouges ;<br \/>\n&#8211; un carr\u00e9 bleu fonc\u00e9 (partie du toit).<\/p>\n<span class=\"et_bloom_bottom_trigger\"><\/span>","protected":false},"excerpt":{"rendered":"<p>Set complet (mod\u00e8le, bo\u00eete, livret, minifigurines). Manquant : &#8211; la lance de Nya ; &#8211; l&#8217;arme de Jay ; &#8211; l&#8217;arc de Zaine ; &#8211; l&#8217;antenne noire ; &#8211; deux serpents rouges ; &#8211; un carr\u00e9 bleu fonc\u00e9 (partie du toit).<\/p>\n","protected":false},"featured_media":121677,"template":"","meta":{"_acf_changed":false,"_et_pb_use_builder":"","_et_pb_old_content":"","_et_gb_content_width":"","om_disable_all_campaigns":false,"_monsterinsights_skip_tracking":false,"_monsterinsights_sitenote_active":false,"_monsterinsights_sitenote_note":"","_monsterinsights_sitenote_category":0},"product_brand":[],"product_cat":[74,75,77],"product_tag":[],"class_list":{"0":"post-121748","1":"product","2":"type-product","3":"status-publish","4":"has-post-thumbnail","6":"product_cat-construction","7":"product_cat-lego","8":"product_cat-lego-ninjago","10":"first","11":"instock","12":"sold-individually","13":"taxable","14":"shipping-taxable","15":"purchasable","16":"product-type-simple"},"acf":[],"aioseo_notices":[],"_links":{"self":[{"href":"https:\/\/www.toysgames.be\/nl\/wp-json\/wp\/v2\/product\/121748","targetHints":{"allow":["GET"]}}],"collection":[{"href":"https:\/\/www.toysgames.be\/nl\/wp-json\/wp\/v2\/product"}],"about":[{"href":"https:\/\/www.toysgames.be\/nl\/wp-json\/wp\/v2\/types\/product"}],"wp:featuredmedia":[{"embeddable":true,"href":"https:\/\/www.toysgames.be\/nl\/wp-json\/wp\/v2\/media\/121677"}],"wp:attachment":[{"href":"https:\/\/www.toysgames.be\/nl\/wp-json\/wp\/v2\/media?parent=121748"}],"wp:term":[{"taxonomy":"product_brand","embeddable":true,"href":"https:\/\/www.toysgames.be\/nl\/wp-json\/wp\/v2\/product_brand?post=121748"},{"taxonomy":"product_cat","embeddable":true,"href":"https:\/\/www.toysgames.be\/nl\/wp-json\/wp\/v2\/product_cat?post=121748"},{"taxonomy":"product_tag","embeddable":true,"href":"https:\/\/www.toysgames.be\/nl\/wp-json\/wp\/v2\/product_tag?post=121748"}],"curies":[{"name":"wp","href":"https:\/\/api.w.org\/{rel}","templated":true}]}}