{"id":118176,"date":"2025-06-12T13:20:52","date_gmt":"2025-06-12T11:20:52","guid":{"rendered":"https:\/\/www.toysgames.be\/produits\/telecommande-recepteur\/"},"modified":"2025-07-26T15:56:41","modified_gmt":"2025-07-26T13:56:41","slug":"telecommande-recepteur","status":"publish","type":"product","link":"https:\/\/www.toysgames.be\/en\/la-boutique\/videogames-en\/xbox-en\/consoles-accessories-xbox\/telecommande-recepteur\/","title":{"rendered":"T\u00e9l\u00e9commande + r\u00e9cepteur"},"content":{"rendered":"<span class=\"et_bloom_bottom_trigger\"><\/span>","protected":false},"excerpt":{"rendered":"","protected":false},"featured_media":118364,"template":"","meta":{"_acf_changed":false,"_et_pb_use_builder":"","_et_pb_old_content":"","_et_gb_content_width":"","om_disable_all_campaigns":false,"_monsterinsights_skip_tracking":false,"_monsterinsights_sitenote_active":false,"_monsterinsights_sitenote_note":"","_monsterinsights_sitenote_category":0},"product_brand":[],"product_cat":[383,72],"product_tag":[],"class_list":{"0":"post-118176","1":"product","2":"type-product","3":"status-publish","4":"has-post-thumbnail","6":"product_cat-consoles-accessoires-xbox","7":"product_cat-xbox","9":"first","10":"instock","11":"sold-individually","12":"taxable","13":"shipping-taxable","14":"purchasable","15":"product-type-simple"},"acf":[],"aioseo_notices":[],"_links":{"self":[{"href":"https:\/\/www.toysgames.be\/en\/wp-json\/wp\/v2\/product\/118176","targetHints":{"allow":["GET"]}}],"collection":[{"href":"https:\/\/www.toysgames.be\/en\/wp-json\/wp\/v2\/product"}],"about":[{"href":"https:\/\/www.toysgames.be\/en\/wp-json\/wp\/v2\/types\/product"}],"wp:featuredmedia":[{"embeddable":true,"href":"https:\/\/www.toysgames.be\/en\/wp-json\/wp\/v2\/media\/118364"}],"wp:attachment":[{"href":"https:\/\/www.toysgames.be\/en\/wp-json\/wp\/v2\/media?parent=118176"}],"wp:term":[{"taxonomy":"product_brand","embeddable":true,"href":"https:\/\/www.toysgames.be\/en\/wp-json\/wp\/v2\/product_brand?post=118176"},{"taxonomy":"product_cat","embeddable":true,"href":"https:\/\/www.toysgames.be\/en\/wp-json\/wp\/v2\/product_cat?post=118176"},{"taxonomy":"product_tag","embeddable":true,"href":"https:\/\/www.toysgames.be\/en\/wp-json\/wp\/v2\/product_tag?post=118176"}],"curies":[{"name":"wp","href":"https:\/\/api.w.org\/{rel}","templated":true}]}}